{"id":549,"date":"2022-04-27T12:01:24","date_gmt":"2022-04-27T10:01:24","guid":{"rendered":"https:\/\/www.hypno-active.bz\/?page_id=549"},"modified":"2022-04-27T12:05:20","modified_gmt":"2022-04-27T10:05:20","slug":"recensioni-dei-clienti-2","status":"publish","type":"page","link":"https:\/\/www.hypno-active.bz\/it\/recensioni-dei-clienti-2\/","title":{"rendered":"Recensioni dei clienti"},"content":{"rendered":"<p>&#8220;Sono stato al seminario sul peso desiderato a Villach il 31.1.2020. Conoscevo gi\u00e0 il signor Peter Philipp Koss dal seminario per non fumatori a cui ho partecipato con successo. Ho anche trovato il seminario Wunschgewicht molto interessante e informativo e ho riconosciuto alcuni errori nel mio comportamento alimentare. Nel gruppo abbiamo parlato del nostro comportamento alimentare e di cosa ognuno di noi vorrebbe cambiare in futuro. Poi eravamo in profondo rilassamento e il signor Koss parlava al nostro subconscio.<\/p><p>Nel frattempo ho perso circa 4 kg. Il mio obiettivo \u00e8 quello di perdere qualche altro chilo. Dato che non sono veramente grassa, ma ho solo qualche chilo di troppo, non sta accadendo cos\u00ec rapidamente, ma sta accadendo costantemente. Con l&#8217;aiuto di Mr. Koss, ho la mia dipendenza dal cioccolato sotto controllo e solo molto raramente ho il desiderio di un piccolo pezzo di cioccolato.<\/p><p>Posso solo raccomandare il seminario. Grazie&#8221;<\/p><p>1<strong>6 aprile 2020 | Sonja Moser &#8211; Villach, Austria<\/strong><\/p><div style=\"height:70px\" aria-hidden=\"true\" class=\"wp-block-spacer\"><\/div><p>&#8220;Quale fumatore non lo sa? Iniziato nell&#8217;incoscienza, negato con le bugie e la fine in vista, ma non raggiungendo il traguardo nonostante la forza. Spesso sembra che basti una piccola cosa per smettere di fumare per sempre. Mi sentivo certamente cos\u00ec! Smettere di fumare con letteratura, seminari, con aiuti o semplicemente con la forza di volont\u00e0. Purtroppo non per molto tempo, poi si vive un momento e ci si ritrova di nuovo con una sigaretta. Uno \u00e8 nessuno, poi lo lascio andare di nuovo. Posso farlo!<\/p><p>Hahaha\u2026.. Dopo 27 anni di foschia blu, tosse, lamentele e bugie a me stesso, volevo solo smettere. Qualcosa per\u00f2 mi ha sempre fermato. Sfortunatamente, non sono riuscito a interiorizzarlo. In cerca di aiuto, ho sentito alla radio del Metodo Hypno Active di Peter Phillip Koss. Oh, ho pensato, questo porter\u00e0 davvero al successo? Non credo, ma non voglio pi\u00f9 fumare, quindi prover\u00f2 qualcos&#8217;altro. Non appena detto che fatto, mi sono iscritto e parteciper\u00f2. Peter Phillip Kross ha iniziato il seminario in un piccolo gruppo (primo seminario nel Vorarlberg) e in modo informale. Una buona lezione con passaggi che gi\u00e0 conoscevo e alla fine ho salvato tutto con il metodo Hypno Active ;-).<\/p><p>Come ho notato nei 2 mesi successivi, qualcosa ha avuto un effetto. Da quella sera, non ho pi\u00f9 avuto alcun desiderio di fumare una sigaretta e non ho pi\u00f9 dovuto pensarci. Fino ad oggi, posso bere il mio caff\u00e8 come al solito, andare a prendere una birra, sedermi tra i fumatori e persino essere stressato a volte senza desiderare una sigaretta. Sono grato e il prezzo era visibilmente basso! Ora mi sento davvero libero, grazie a Peter Phillip Koss! &#8220;<\/p><p><strong>12 aprile 2020 | Thomas Barfus &#8211; Vorarlberg, Austria<\/strong><\/p><div style=\"height:70px\" aria-hidden=\"true\" class=\"wp-block-spacer\"><\/div><p>&#8220;Ho fumato per 20 anni e sono andato a questo seminario con il sorriso sulle labbra perch\u00e9 ero sicuro che non avrebbe portato a nulla comunque, ma sono stato smentito. Quando ho lasciato il seminario, ho gettato il mio ultimo pacchetto di sigarette nella spazzatura perch\u00e9 mi sentivo male al pensiero di fumare, cosa che non era mai successa prima!<\/p><p>I giorni successivi sono stati piuttosto sgraditi perch\u00e9 non dovevo pi\u00f9 programmare il tempo per fumare, ad esempio andando al lavoro presto per fumare prima \u2026. Improvvisamente avevo molto pi\u00f9 tempo &#8211; l&#8217;ho trovato molto strano. Ho partecipato al seminario il 19.10.19 a Brunico e ora trovo molto piacevole non dover stare fuori da solo con il vento e il tempo solo per fumare e poi avere un odore disgustoso.<\/p><p>Tutto sommato un successo completo anche se non ci credevo e volevo solo &#8220;provare&#8221;!<\/p><p><strong>18 dicembre 2019 | Tamara Richter &#8211; Brunico, Italia<\/strong><\/p>","protected":false},"excerpt":{"rendered":"<p>&#8220;Sono stato al seminario sul peso desiderato a Villach il 31.1.2020. Conoscevo gi\u00e0 il signor Peter Philipp Koss dal seminario per non fumatori a cui ho partecipato con successo. Ho anche trovato il seminario Wunschgewicht molto interessante e informativo e ho riconosciuto alcuni errori nel mio comportamento alimentare. Nel gruppo abbiamo parlato del nostro comportamento [&hellip;]<\/p>\n","protected":false},"author":1,"featured_media":0,"parent":0,"menu_order":0,"comment_status":"closed","ping_status":"closed","template":"","meta":{"_uag_custom_page_level_css":"","footnotes":""},"class_list":["post-549","page","type-page","status-publish","hentry"],"jetpack_sharing_enabled":true,"uagb_featured_image_src":{"full":false,"thumbnail":false,"medium":false,"medium_large":false,"large":false,"1536x1536":false,"2048x2048":false,"woocommerce_thumbnail":false,"woocommerce_single":false,"woocommerce_gallery_thumbnail":false},"uagb_author_info":{"display_name":"admin","author_link":"https:\/\/www.hypno-active.bz\/it\/author\/admin\/"},"uagb_comment_info":0,"uagb_excerpt":"&#8220;Sono stato al seminario sul peso desiderato a Villach il 31.1.2020. Conoscevo gi\u00e0 il signor Peter Philipp Koss dal seminario per non fumatori a cui ho partecipato con successo. Ho anche trovato il seminario Wunschgewicht molto interessante e informativo e ho riconosciuto alcuni errori nel mio comportamento alimentare. Nel gruppo abbiamo parlato del nostro comportamento&hellip;","_links":{"self":[{"href":"https:\/\/www.hypno-active.bz\/it\/wp-json\/wp\/v2\/pages\/549","targetHints":{"allow":["GET"]}}],"collection":[{"href":"https:\/\/www.hypno-active.bz\/it\/wp-json\/wp\/v2\/pages"}],"about":[{"href":"https:\/\/www.hypno-active.bz\/it\/wp-json\/wp\/v2\/types\/page"}],"author":[{"embeddable":true,"href":"https:\/\/www.hypno-active.bz\/it\/wp-json\/wp\/v2\/users\/1"}],"replies":[{"embeddable":true,"href":"https:\/\/www.hypno-active.bz\/it\/wp-json\/wp\/v2\/comments?post=549"}],"version-history":[{"count":5,"href":"https:\/\/www.hypno-active.bz\/it\/wp-json\/wp\/v2\/pages\/549\/revisions"}],"predecessor-version":[{"id":555,"href":"https:\/\/www.hypno-active.bz\/it\/wp-json\/wp\/v2\/pages\/549\/revisions\/555"}],"wp:attachment":[{"href":"https:\/\/www.hypno-active.bz\/it\/wp-json\/wp\/v2\/media?parent=549"}],"curies":[{"name":"wp","href":"https:\/\/api.w.org\/{rel}","templated":true}]}}