{"id":535,"date":"2022-04-27T11:45:13","date_gmt":"2022-04-27T09:45:13","guid":{"rendered":"https:\/\/www.hypno-active.bz\/?page_id=535"},"modified":"2022-04-27T11:55:20","modified_gmt":"2022-04-27T09:55:20","slug":"il-coach-peter-phillip-koss","status":"publish","type":"page","link":"https:\/\/www.hypno-active.bz\/it\/il-coach-peter-phillip-koss\/","title":{"rendered":"Il coach &#8211; Peter Phillip Koss"},"content":{"rendered":"<p><strong>Peter Phillip Koss \u00e8 uno dei principali trainer di personalit\u00e0 europei e Master Hypno-Active-Coach, e l&#8217;esperto di lingua tedesca per efficaci procedure di rilassamento ipnotico profondo.<\/strong><\/p><p>Da oltre 20 anni, aiuta le persone a sviluppare pienamente il proprio potenziale, a scoprire e ottimizzare le risorse e le capacit\u00e0 interiori, e a lasciare andare definitivamente le abitudini indesiderate! Per una vita libera, realizzata, felice e di successo, autodeterminata.<\/p><p><strong>La reputazione di &#8220;l&#8217;uomo che ti libera dalle tue dipendenze&#8221; lo precede.<\/strong> Le sue specialit\u00e0 non sono solo la cessazione del fumo, la riduzione permanente del peso, una migliore gestione dello stress &#8211; con la profilassi del burnout, ma anche il &#8220;processo decisionale pi\u00f9 facile&#8221;, il &#8220;raggiungimento ottimale degli obiettivi&#8221;, la &#8220;dipendenza da alcol e gioco d&#8217;azzardo&#8221;, cos\u00ec come Decode your life, il training della personalit\u00e0 con Hypno-Active, che sta per il coinvolgimento diretto del subconscio e quindi per cambiamenti rapidi e durevoli.<\/p><p>I seminari Hypno-Active\u00a9, famosi in televisione, sono in corso da 18 anni; durante questo periodo <strong>pi\u00f9 di 70.000 persone<\/strong> in tutto il mondo di lingua tedesca hanno completato con successo le applicazioni. Un numero di partecipanti superiore alla media viene da noi attraverso raccomandazioni personali di clienti soddisfatti.<\/p><p>Dal 2011 c&#8217;\u00e8 una collaborazione con il Prof. Dr. Georg Jungnitsch, e dal 2020 anche con il Dr. B. Bittner, specialista in medicina generale, naturopatia e ipnosi.<\/p><blockquote class=\"wp-block-quote is-layout-flow wp-block-quote-is-layout-flow\"><p>Unisciti a noi ora con una domanda di successo e raggiungi il tuo obiettivo in modo rapido e sicuro! Il tuo Peter Phillip Koss<\/p><\/blockquote><figure class=\"wp-block-embed is-type-video is-provider-youtube wp-block-embed-youtube wp-embed-aspect-16-9 wp-has-aspect-ratio\"><div class=\"wp-block-embed__wrapper\">\n<iframe loading=\"lazy\" title=\"Nichtraucher in 3 Stunden mit SDF in Brixen\" width=\"980\" height=\"551\" src=\"https:\/\/www.youtube.com\/embed\/5ZcF0D0AHx8?feature=oembed\" frameborder=\"0\" allow=\"accelerometer; autoplay; clipboard-write; encrypted-media; gyroscope; picture-in-picture\" allowfullscreen><\/iframe>\n<\/div><\/figure><figure class=\"wp-block-embed is-type-video is-provider-youtube wp-block-embed-youtube wp-embed-aspect-16-9 wp-has-aspect-ratio\"><div class=\"wp-block-embed__wrapper\">\n<iframe loading=\"lazy\" title=\"Knoll Elisabeth - Testimonial Wunschgewicht Seminar\" width=\"980\" height=\"551\" src=\"https:\/\/www.youtube.com\/embed\/EhJb7X9DyzY?feature=oembed\" frameborder=\"0\" allow=\"accelerometer; autoplay; clipboard-write; encrypted-media; gyroscope; picture-in-picture\" allowfullscreen><\/iframe>\n<\/div><\/figure><p><\/p><h2 class=\"wp-block-heading\">Background<\/h2><p>Peter Phillip Koss \u00e8 un esperto certificato in rilassamento profondo autogeno con oltre 25 anni di esperienza professionale, membro della Societ\u00e0 Tedesca di Ipnoterapia Dentale (DGZH) e di altre organizzazioni professionali mediche internazionali.<\/p><p>Gi\u00e0 durante i suoi <strong>studi di psicologia classica,<\/strong> il mental coach e trainer si \u00e8 occupato di varie tecniche di trance e metodi di rilassamento. Nel corso di ulteriori studi in psicoterapia presso le scuole tedesche Paracelso per la Naturopatia, ha ottenuto un <strong>diploma come consulente psicologico\/psicoterapeuta certificato secondo l&#8217;HPG.<\/strong><\/p><p>Questo \u00e8 stato seguito da una formazione speciale in ipnosi terapeutica e metodi di rilassamento profondo, istruzione e perfezionamento, nonch\u00e9 seminari e corsi con capacit\u00e0 leader in tutto il mondo.<\/p><p>Come allenatore personale e formatore di successo, Peter Phillip Koss \u00e8 attivo in tutta Europa &#8211; sia in consulenze individuali che per gruppi nello sport e nell&#8217;executive training, cos\u00ec come con i suoi famosi seminari televisivi su vari argomenti. Inoltre, \u00e8 un ricercato oratore per aziende e organizzazioni, nonch\u00e9 un popolare interlocutore alla radio e alla televisione.<\/p><p>Dal 2007 collabora con il Dipl.-Psych. Prof. Dr. Georg Jungnitsch. Con il <strong>rilassamento profondo HypnoActive\u00a9,<\/strong> Peter Phillip Koss ha sviluppato un metodo proprio ed efficace, che lavora delicatamente e allo stesso tempo con grande efficacia, in modo completamente naturale, direttamente attraverso il subconscio. Peter Philipp Koss \u00e8 considerato uno degli specialisti pi\u00f9 noti e di maggior successo nel campo della cessazione immediata del fumo, della riduzione permanente del peso e di altre aree di applicazione.<\/p><p>I risultati impressionanti parlano da soli: <strong>una netta maggioranza dei partecipanti al seminario rimane &#8220;pulita&#8221; a lungo termine. <\/strong>Inoltre, l&#8217;allenatore si forma continuamente alle capacit\u00e0 principali per potersi adattare in modo specifico alle esigenze e alle aree tematiche dei suoi diversi clienti. Peter Philipp Koss \u00e8 anche attivo come consulente personale e mental coach per atleti professionisti, celebrit\u00e0 e altri top performer.<\/p>","protected":false},"excerpt":{"rendered":"<p>Peter Phillip Koss \u00e8 uno dei principali trainer di personalit\u00e0 europei e Master Hypno-Active-Coach, e l&#8217;esperto di lingua tedesca per efficaci procedure di rilassamento ipnotico profondo. Da oltre 20 anni, aiuta le persone a sviluppare pienamente il proprio potenziale, a scoprire e ottimizzare le risorse e le capacit\u00e0 interiori, e a lasciare andare definitivamente le [&hellip;]<\/p>\n","protected":false},"author":1,"featured_media":537,"parent":0,"menu_order":0,"comment_status":"closed","ping_status":"open","template":"","meta":{"_uag_custom_page_level_css":"","footnotes":""},"class_list":["post-535","page","type-page","status-publish","has-post-thumbnail","hentry"],"jetpack_sharing_enabled":true,"uagb_featured_image_src":{"full":["https:\/\/www.hypno-active.bz\/wp-content\/uploads\/2021\/06\/Peter-Philip-Koss.jpg",300,300,false],"thumbnail":["https:\/\/www.hypno-active.bz\/wp-content\/uploads\/2021\/06\/Peter-Philip-Koss-150x150.jpg",150,150,true],"medium":["https:\/\/www.hypno-active.bz\/wp-content\/uploads\/2021\/06\/Peter-Philip-Koss-300x300.jpg",300,300,true],"medium_large":["https:\/\/www.hypno-active.bz\/wp-content\/uploads\/2021\/06\/Peter-Philip-Koss.jpg",300,300,false],"large":["https:\/\/www.hypno-active.bz\/wp-content\/uploads\/2021\/06\/Peter-Philip-Koss.jpg",300,300,false],"1536x1536":["https:\/\/www.hypno-active.bz\/wp-content\/uploads\/2021\/06\/Peter-Philip-Koss.jpg",300,300,false],"2048x2048":["https:\/\/www.hypno-active.bz\/wp-content\/uploads\/2021\/06\/Peter-Philip-Koss.jpg",300,300,false],"woocommerce_thumbnail":["https:\/\/www.hypno-active.bz\/wp-content\/uploads\/2021\/06\/Peter-Philip-Koss.jpg",300,300,false],"woocommerce_single":["https:\/\/www.hypno-active.bz\/wp-content\/uploads\/2021\/06\/Peter-Philip-Koss.jpg",300,300,false],"woocommerce_gallery_thumbnail":["https:\/\/www.hypno-active.bz\/wp-content\/uploads\/2021\/06\/Peter-Philip-Koss-100x100.jpg",100,100,true]},"uagb_author_info":{"display_name":"admin","author_link":"https:\/\/www.hypno-active.bz\/it\/author\/admin\/"},"uagb_comment_info":0,"uagb_excerpt":"Peter Phillip Koss \u00e8 uno dei principali trainer di personalit\u00e0 europei e Master Hypno-Active-Coach, e l&#8217;esperto di lingua tedesca per efficaci procedure di rilassamento ipnotico profondo. Da oltre 20 anni, aiuta le persone a sviluppare pienamente il proprio potenziale, a scoprire e ottimizzare le risorse e le capacit\u00e0 interiori, e a lasciare andare definitivamente le&hellip;","_links":{"self":[{"href":"https:\/\/www.hypno-active.bz\/it\/wp-json\/wp\/v2\/pages\/535","targetHints":{"allow":["GET"]}}],"collection":[{"href":"https:\/\/www.hypno-active.bz\/it\/wp-json\/wp\/v2\/pages"}],"about":[{"href":"https:\/\/www.hypno-active.bz\/it\/wp-json\/wp\/v2\/types\/page"}],"author":[{"embeddable":true,"href":"https:\/\/www.hypno-active.bz\/it\/wp-json\/wp\/v2\/users\/1"}],"replies":[{"embeddable":true,"href":"https:\/\/www.hypno-active.bz\/it\/wp-json\/wp\/v2\/comments?post=535"}],"version-history":[{"count":4,"href":"https:\/\/www.hypno-active.bz\/it\/wp-json\/wp\/v2\/pages\/535\/revisions"}],"predecessor-version":[{"id":546,"href":"https:\/\/www.hypno-active.bz\/it\/wp-json\/wp\/v2\/pages\/535\/revisions\/546"}],"wp:featuredmedia":[{"embeddable":true,"href":"https:\/\/www.hypno-active.bz\/it\/wp-json\/wp\/v2\/media\/537"}],"wp:attachment":[{"href":"https:\/\/www.hypno-active.bz\/it\/wp-json\/wp\/v2\/media?parent=535"}],"curies":[{"name":"wp","href":"https:\/\/api.w.org\/{rel}","templated":true}]}}